{"id":4458,"date":"2025-05-28T14:20:38","date_gmt":"2025-05-28T13:20:38","guid":{"rendered":"https:\/\/ibizz.io\/cgv-ger\/"},"modified":"2025-05-29T15:03:25","modified_gmt":"2025-05-29T14:03:25","slug":"cgv-ger","status":"publish","type":"page","link":"https:\/\/ibizz.io\/de\/cgv-ger\/","title":{"rendered":"CGV GER"},"content":{"rendered":"\n<h2 class=\"wp-block-heading has-text-align-center\">ALLGEMEINE GESCH\u00c4FTSBEDINGUNGEN (AGB) \u2013 IBIZZ<\/h2>\n\n<p><br\/>G\u00fcltig ab 01\/06\/2024<\/p>\n\n<h3 class=\"wp-block-heading\"><br\/>ARTIKEL 1 &#8211; ANWENDUNGSBEREICH<\/h3>\n\n<p><br\/>Diese Allgemeinen Gesch\u00e4ftsbedingungen (im Folgenden &#8222;AGB&#8220;) gelten uneingeschr\u00e4nkt f\u00fcr<br\/>alle K\u00e4ufe der folgenden Dienstleistungen:<\/p>\n\n<ul class=\"wp-block-list\">\n<li>Reputation-Management-Dienstleistungen, einschlie\u00dflich Keyword- und<br\/>Sicherheitsberichte sowie Cashback, die vom Anbieter den Gesch\u00e4ftskunden (im<br\/>Folgenden &#8222;die Kunden oder der Kunde&#8220;) auf der Website ibizz.io angeboten werden.<br\/>Die wesentlichen Merkmale der Dienstleistungen werden auf der Website ibizz.io<br\/>vorgestellt.<\/li>\n\n\n\n<li>Der Kunde ist verpflichtet, diese zur Kenntnis zu nehmen, bevor er eine Bestellung aufgibt.<br\/>Die Auswahl und der Kauf einer Dienstleistung liegt in der alleinigen Verantwortung des<br\/>Kunden.  <\/li>\n\n\n\n<li>Diese AGB sind jederzeit auf der Website ibizz.io zug\u00e4nglich und haben Vorrang vor allen<br\/>anderen Dokumenten. Der Kunde erkl\u00e4rt, die vorliegenden AGB gelesen und akzeptiert zu<br\/>haben, indem er das daf\u00fcr vorgesehene K\u00e4stchen ankreuzt, bevor er den<br\/>Online-Bestellvorgang auf der Website ibizz.io durchf\u00fchrt. Sofern nicht das Gegenteil<br\/>bewiesen wird, gelten die im Computersystem des Anbieters gespeicherten Daten als<br\/>Nachweis f\u00fcr alle mit dem Kunden abgeschlossenen Transaktionen.  <\/li>\n<\/ul>\n\n<p><br\/><strong>Kontaktinformationen des Anbieters :<\/strong><br\/>Geotactic LTD<br\/>Private Limited Company<br\/>20 Wenlock Road, London, England, N1 7GU<br\/>Email : general@geotactic.uk<\/p>\n\n<p>Innergemeinschaftliche Steuerpflichten liegen in der alleinigen Verantwortung des Kunden.<\/p>\n\n<h3 class=\"wp-block-heading\"><br\/>ARTIKEL 2 &#8211; PREISE<\/h3>\n\n<p><br\/>Die Dienstleistungen werden zu den zum Zeitpunkt der Bestellung durch den Anbieter auf der<br\/>Website ibizz.io g\u00fcltigen Tarifen erbracht. Die Preise sind in Euro ohne Mehrwertsteuer<br\/>angegeben. Die Tarife ber\u00fccksichtigen m\u00f6gliche vom Anbieter auf der Website ibizz.io<br\/>gew\u00e4hrte Rabatte. Diese Tarife sind fest und w\u00e4hrend ihrer G\u00fcltigkeitsdauer nicht \u00e4nderbar.<br\/>Der Anbieter beh\u00e4lt sich das Recht vor, die Preise jederzeit au\u00dferhalb der G\u00fcltigkeitsdauer zu<br\/>\u00e4ndern. Die vom Kunden geforderte Zahlung entspricht dem Gesamtbetrag des Kaufs,<br\/>einschlie\u00dflich dieser Geb\u00fchren. Eine Rechnung wird vom Anbieter erstellt und dem Kunden<br\/>bei der Erbringung der bestellten Dienstleistungen ausgeh\u00e4ndigt.     <\/p>\n\n<h3 class=\"wp-block-heading\"><br\/>ARTIKEL 3 \u2013 BESTELLUNGEN<\/h3>\n\n<p><br\/>Der Kunde hat auf der Website ibizz.io die Dienstleistungen auszuw\u00e4hlen, die er bestellen<br\/>m\u00f6chte, und zwar nach folgenden Modalit\u00e4ten:<\/p>\n\n<ul class=\"wp-block-list\">\n<li>Der Kunde w\u00e4hlt eine Dienstleistung aus, die er in seinen Warenkorb legt, die er vor<br\/>der Best\u00e4tigung seiner Bestellung und der Annahme der vorliegenden AGB l\u00f6schen<br\/>oder \u00e4ndern kann. Er gibt dann seine Kontaktdaten ein oder meldet sich in seinem<br\/>Kundenbereich an sowie seine Kontaktdaten f\u00fcr sein Cashback-Konto oder f\u00fcr die<br\/>Erstellung eines Kontos. Nach Best\u00e4tigung der Informationen wird die Bestellung als<br\/>endg\u00fcltig betrachtet und erfordert eine Zahlung des Kunden gem\u00e4\u00df den vorgesehenen<br\/>Modalit\u00e4ten  <\/li>\n<\/ul>\n\n<p>Der Verkauf wird erst nach vollst\u00e4ndiger Zahlung des Preises als g\u00fcltig betrachtet. Es liegt in<br\/>der Verantwortung des Kunden, die Richtigkeit der Bestellung zu \u00fcberpr\u00fcfen und eventuelle<br\/>Fehler sofort zu melden. Jede auf der Website ibizz.io aufgegebene Bestellung stellt den<br\/>Abschluss eines Fernabsatzvertrages zwischen dem Kunden und dem Anbieter dar. Der<br\/>Anbieter beh\u00e4lt sich das Recht vor, jede Bestellung eines Kunden zu stornieren oder<br\/>abzulehnen, mit dem ein Streit \u00fcber die Zahlung einer fr\u00fcheren Bestellung besteht.   <\/p>\n\n<h3 class=\"wp-block-heading\"><br\/>ARTIKEL 4 &#8211; ZAHLUNGSBEDINGUNGEN<\/h3>\n\n<p><br\/>Der Preis wird durch sichere Zahlung auf folgende Weise bezahlt:<\/p>\n\n<p>Zahlung \u00fcber sicheren link<br\/><br\/>Der Preis ist vom Kunden bei der Bestellung vollst\u00e4ndig zu zahlen. Die Zahlungsdaten<br\/>werden verschl\u00fcsselt gem\u00e4\u00df dem vom autorisierten Zahlungsanbieter f\u00fcr die auf der Website<br\/>ibizz.io durchgef\u00fchrten Banktransaktionen definierten Protokoll ausgetauscht.<br\/><br\/>Die vom Kunden geleisteten Zahlungen gelten erst nach tats\u00e4chlichem Eingang der<br\/>geschuldeten Betr\u00e4ge durch den Anbieter als endg\u00fcltig. Der Anbieter ist nicht verpflichtet, die<br\/>vom Kunden bestellten Dienstleistungen zu erbringen, wenn dieser den Preis nicht vollst\u00e4ndig<br\/>unter den oben angegebenen Bedingungen bezahlt hat.  <\/p>\n\n<h3 class=\"wp-block-heading\">ARTIKEL 5 &#8211; ERBRINGUNG DER DIENSTLEISTUNGEN<\/h3>\n\n<p><br\/>Die vom Kunden bestellten Dienstleistungen werden wie folgt erbracht:<\/p>\n\n<ul class=\"wp-block-list\">\n<li>Dienstleistungen zur Online-Reputation basierend auf Keywords und E-Sicherheit.<br\/>Diese Dienstleistungen werden unmittelbar nach endg\u00fcltiger Best\u00e4tigung der<br\/>Bestellung des Kunden unter den in diesen AGB vorgesehenen Bedingungen an die<br\/>vom Kunden bei der Bestellung auf der Website ibizz.io angegebene Adresse erbracht. <\/li>\n<\/ul>\n\n<p>Der Anbieter verpflichtet sich, seine besten Bem\u00fchungen zu unternehmen, um die vom<br\/>Kunden bestellten Dienstleistungen im Rahmen einer Mittelverpflichtung und innerhalb der<br\/>oben genannten Fristen zu erbringen. Wenn die bestellten Dienstleistungen aus anderen<br\/>Gr\u00fcnden als h\u00f6herer Gewalt oder dem Verschulden des Kunden nicht innerhalb einer Woche<br\/>nach dem angegebenen Liefertermin erbracht wurden, kann der Verkauf der Dienstleistungen<br\/>auf schriftlichen Wunsch des Kunden gem\u00e4\u00df den Artikeln \u00a7\u00a7 286, 323, 346 BGB aufgel\u00f6st<br\/>werden. Die vom Kunden gezahlten Betr\u00e4ge werden ihm sp\u00e4testens innerhalb von vierzehn<br\/>Tagen nach dem Datum der Vertragsk\u00fcndigung zur\u00fcckerstattet, mit Ausnahme jeglicher<br\/>Entsch\u00e4digung oder Einbehaltung.  <br\/><\/p>\n\n<p>Bei besonderen W\u00fcnschen des Kunden bez\u00fcglich der Bedingungen f\u00fcr die Erbringung der<br\/>Dienstleistungen, die schriftlich vom Anbieter akzeptiert wurden, werden die damit<br\/>verbundenen Kosten gesondert in Rechnung gestellt.<br\/><\/p>\n\n<p>Mangels ausdr\u00fccklicher Vorbehalte oder Beschwerden des Kunden bei Erhalt der<br\/>Dienstleistungen gelten diese als konform mit der Bestellung in Menge und Qualit\u00e4t. Der<br\/>Kunde hat eine Woche ab Erbringung der Dienstleistungen Zeit, um per E-Mail an<br\/>contact@ibizz.fr mit allen diesbez\u00fcglichen Nachweisen Beschwerden beim Anbieter<br\/>einzureichen. Keine Beschwerde kann bei Nichteinhaltung dieser Formalit\u00e4ten und Fristen<br\/>durch den Kunden g\u00fcltig akzeptiert werden. Der Anbieter wird die nicht konformen<br\/>Dienstleistungen so schnell wie m\u00f6glich und auf eigene Kosten erstatten oder korrigieren,<br\/>wenn der Mangel an Konformit\u00e4t vom Kunden ordnungsgem\u00e4\u00df nachgewiesen wurde.   <\/p>\n\n<h3 class=\"wp-block-heading\"><br\/>ARTIKEL 6 &#8211; WIDERRUFSRECHT<\/h3>\n\n<p><br\/>Aufgrund der Art der erbrachten Dienstleistungen profitieren die vom Kunden aufgegebenen<br\/>Bestellungen nicht vom Widerrufsrecht. Der Vertrag wird daher ab der Bestellung durch den<br\/>Kunden gem\u00e4\u00df den in diesen AGB festgelegten Modalit\u00e4ten endg\u00fcltig abgeschlossen. <\/p>\n\n<h3 class=\"wp-block-heading\"><br\/>ARTIKEL 7 &#8211; HAFTUNG DES ANBIETERS &#8211; CASHBACK<\/h3>\n\n<h4 class=\"wp-block-heading\"><br\/>7.1 Prinzip des Cashback<\/h4>\n\n<p><br\/>Ibizz bietet seinen Gesch\u00e4ftskunden einen Cashback-Service an. Bei jedem Kauf von<br\/>Dienstleistungen zur Online-Reputation (Keyword- und Reputation-Berichte) erh\u00e4lt der<br\/>Kunde einen Prozentsatz des ausgegebenen Betrags als Cashback. Dieser Betrag wird auf das<br\/>Bankkonto des Kunden gem\u00e4\u00df den nachstehend definierten Bedingungen \u00fcberwiesen.  <\/p>\n\n<h4 class=\"wp-block-heading\"><br\/>7.2 Bedingungen f\u00fcr den Erhalt und die Nutzung des Cashback<\/h4>\n\n<p><br\/>Das Cashback wird auf den gesamten Nettobetrag der vom Kunden get\u00e4tigten Eink\u00e4ufe<br\/>berechnet. Der auf jeden Kauf anwendbare Cashback-Satz wird zum Zeitpunkt der Bestellung<br\/>auf der Website ibizz.io angegeben. Der kumulierte Cashback-Betrag wird dem Konto des<br\/>Kunden gutgeschrieben, sobald die Zahlung der Bestellung best\u00e4tigt ist.  <\/p>\n\n<ul class=\"wp-block-list\">\n<li>\u00dcberweisung auf das Bankkonto des Kunden. Der Kunde muss bei der Bestellung sein<br\/>Empfangskonto angeben oder angeben, dass er ein Empfangskonto \u00fcber Ibizz.io<br\/>er\u00f6ffnen m\u00f6chte. Der Mindestbetrag f\u00fcr den R\u00fcckzug und die Bearbeitungszeiten<br\/>dieser Anfrage sind auf der Website ibizz.io angegeben.  <\/li>\n<\/ul>\n\n<h4 class=\"wp-block-heading\"><br\/>7.3 Steuerliches Regime des Cashback<\/h4>\n\n<p><br\/>Gem\u00e4\u00df \u00a7 218 der Abgabenordnung (AO) k\u00f6nnen die erhaltenen Cashback-Betr\u00e4ge als<br\/>Preisnachl\u00e4sse angesehen werden und unterliegen daher m\u00f6glicherweise steuerlichen<br\/>Verpflichtungen. Es liegt in der Verantwortung des Kunden, die erhaltenen Cashback-Betr\u00e4ge<br\/>zu melden und die entsprechenden steuerlichen Verpflichtungen zu erf\u00fcllen. Ibizz lehnt<br\/>jegliche Haftung f\u00fcr die Nichteinhaltung der steuerlichen Verpflichtungen durch den Kunden<br\/>ab.  <\/p>\n\n<h3 class=\"wp-block-heading\"><br\/>ARTIKEL 8 &#8211; DATENSCHUTZ<\/h3>\n\n<p><br\/>Der Kunde wird dar\u00fcber informiert, dass die Erhebung seiner personenbezogenen Daten f\u00fcr<br\/>den Verkauf der Dienstleistungen und deren Durchf\u00fchrung sowie deren Weitergabe an Dritte,<br\/>die an der Durchf\u00fchrung der Dienstleistungen beteiligt sind, erforderlich ist. Diese<br\/>personenbezogenen Daten werden ausschlie\u00dflich zur Ausf\u00fchrung des<br\/>Dienstleistungsvertrages erhoben. <\/p>\n\n<h4 class=\"wp-block-heading\"><br\/>8.1 Erhebung personenbezogener Daten<\/h4>\n\n<p><br\/>Die auf der Website ibizz.io gesammelten personenbezogenen Daten sind wie folgt:<\/p>\n\n<ul class=\"wp-block-list\">\n<li>Kontoer\u00f6ffnung: Namen, Vornamen, Postanschrift, Telefonnummer und<br\/>E-Mail-Adresse<\/li>\n\n\n\n<li>Zahlung: Im Rahmen der Zahlung der auf der Website ibizz.io angebotenen<br\/>Dienstleistungen werden Finanzdaten bez\u00fcglich des Bankkontos oder der Kreditkarte<br\/>des Kunden\/Nutzers gespeichert.<\/li>\n<\/ul>\n\n<h4 class=\"wp-block-heading\"><br\/>8.2 Empf\u00e4nger personenbezogener Daten<\/h4>\n\n<p><br\/>Die personenbezogenen Daten werden vom Anbieter und seinen Vertragspartnern zur<br\/>Ausf\u00fchrung des Vertrages und zur Sicherstellung der Wirksamkeit der<br\/>Dienstleistungserbringung verwendet. Die Kategorie(n) der Vertragspartner ist\/sind: <\/p>\n\n<ul class=\"wp-block-list\">\n<li>Empfangskonto f\u00fcr Cashback<\/li>\n<\/ul>\n\n<p>Der Verantwortliche f\u00fcr die Datenverarbeitung ist der Anbieter im Sinne des<br\/>Bundesdatenschutzgesetzes (BDSG).<\/p>\n\n<h4 class=\"wp-block-heading\">8.3 Verantwortlicher f\u00fcr die Datenverarbeitung<\/h4>\n\n<p><br\/>Der Verantwortliche f\u00fcr die Verarbeitung personenbezogener Daten ist die Geotactic SAS.<br\/>Der Anbieter kann wie folgt kontaktiert werden: <\/p>\n\n<ul class=\"wp-block-list\">\n<li>Per Post: Geotactic LTD, 20 Wenlock Road, London, England.<\/li>\n\n\n\n<li>Per E-Mail: contact@ibizz.io<\/li>\n<\/ul>\n\n<p><br\/>Der Verantwortliche f\u00fcr die Datenverarbeitung ist daf\u00fcr zust\u00e4ndig, die personenbezogenen<br\/>Daten der Kunden in \u00dcbereinstimmung mit den geltenden gesetzlichen Bestimmungen zu<br\/>erheben und zu verarbeiten, insbesondere gem\u00e4\u00df der DSGVO und dem BDSG.<\/p>\n\n<h4 class=\"wp-block-heading\"><br\/>8.4 Einschr\u00e4nkung der Datenverarbeitung<\/h4>\n\n<p><br\/>Sofern der Kunde nicht ausdr\u00fccklich zugestimmt hat, werden seine personenbezogenen Daten<br\/>nicht f\u00fcr Werbe- oder Marketingzwecke verwendet.<\/p>\n\n<h4 class=\"wp-block-heading\"><br\/>8.5 Dauer der Speicherung der Daten<\/h4>\n\n<p><br\/>Der Anbieter bewahrt die erhobenen Daten f\u00fcr einen Zeitraum von f\u00fcnf Jahren auf, der die<br\/>Verj\u00e4hrungsfrist f\u00fcr vertragliche Haftung abdeckt.<\/p>\n\n<h4 class=\"wp-block-heading\"><br\/>8.6 Sicherheit und Vertraulichkeit<\/h4>\n\n<p><br\/>Der Anbieter trifft organisatorische, technische, softwarebasierte und physische<br\/>Sicherheitsma\u00dfnahmen, um die personenbezogenen Daten vor Ver\u00e4nderungen, Zerst\u00f6rungen<br\/>und unbefugtem Zugriff zu sch\u00fctzen. Es sei jedoch darauf hingewiesen, dass das Internet kein<br\/>v\u00f6llig sicheres Umfeld ist und der Anbieter die Sicherheit der \u00dcbermittlung oder Speicherung<br\/>von Informationen im Internet nicht garantieren kann <\/p>\n\n<h4 class=\"wp-block-heading\"><br\/>8.7 Aus\u00fcbung der Rechte der Kunden und Benutzer<\/h4>\n\n<p><br\/>Gem\u00e4\u00df den geltenden Vorschriften zum Schutz personenbezogener Daten haben die Kunden<br\/>und Benutzer der Website ibizz.io folgende Rechte:<\/p>\n\n<p>Aktualisierung oder L\u00f6schung der sie betreffenden Daten durch Einloggen in ihr<br\/>Konto im Bereich \u201eKontoinformationen\u201c.<\/p>\n\n<p>L\u00f6schung ihres Kontos durch Schreiben an die im Artikel 8.3 \u201eVerantwortlicher f\u00fcr<br\/>die Datenverarbeitung\u201c angegebene E-Mail-Adresse.<\/p>\n\n<p>Aus\u00fcbung des Rechts auf Zugang zu den sie betreffenden personenbezogenen Daten<br\/>durch Schreiben an die im Artikel 8.3 \u201eVerantwortlicher f\u00fcr die Datenverarbeitung\u201c<br\/>angegebene Adresse<\/p>\n\n<p>Wenn die beim Anbieter gespeicherten personenbezogenen Daten ungenau sind,<br\/>k\u00f6nnen sie deren Aktualisierung durch Schreiben an die im Artikel 8.3<br\/>\u201eVerantwortlicher f\u00fcr die Datenverarbeitung\u201c angegebene Adresse verlangen<\/p>\n\n<p>Sie k\u00f6nnen die L\u00f6schung ihrer personenbezogenen Daten gem\u00e4\u00df den geltenden<br\/>Datenschutzgesetzen verlangen, indem sie an die im Artikel 8.3 \u201eVerantwortlicher f\u00fcr<br\/>die Datenverarbeitung\u201c angegebene Adresse schreiben.<\/p>\n\n<p>Schlie\u00dflich k\u00f6nnen sie der Verarbeitung ihrer Daten durch den Anbieter<br\/>widersprechen.<br\/><br\/>Diese Rechte k\u00f6nnen ausge\u00fcbt werden, sofern sie der Zweckbindung der Verarbeitung nicht<br\/>entgegenstehen, indem eine Anfrage per Post oder E-Mail an den oben angegebenen<br\/>Verantwortlichen f\u00fcr die Datenverarbeitung gesendet wird. Der Verantwortliche f\u00fcr die<br\/>Datenverarbeitung muss innerhalb eines Monats nach Eingang der Anfrage antworten. Bei<br\/>einer Ablehnung der Anfrage muss dies begr\u00fcndet werden.  <\/p>\n\n<h3 class=\"wp-block-heading\"><br\/>ARTIKEL 9 &#8211; GEISTIGES EIGENTUM<\/h3>\n\n<p><br\/>Der Inhalt der Website ibizz.io ist Eigentum des Verk\u00e4ufers und seiner Partner und durch die<br\/>deutschen und internationalen Gesetze zum geistigen Eigentum gesch\u00fctzt. Jede vollst\u00e4ndige<br\/>oder teilweise Vervielf\u00e4ltigung dieses Inhalts ist strengstens untersagt und kann eine<br\/>Verletzung darstellen. <\/p>\n\n<h3 class=\"wp-block-heading\"><br\/>ARTIKEL 10 &#8211; ANWENDBARES RECHT &#8211; SPRACHE<\/h3>\n\n<p><br\/>Diese AGB und die daraus resultierenden Transaktionen unterliegen deutschem Recht. Diese<br\/>AGB sind in deutscher Sprache abgefasst. Sollte eine \u00dcbersetzung in eine oder mehrere<br\/>Fremdsprachen erfolgen, ist im Streitfall allein der deutsche Text ma\u00dfgebend.  <\/p>\n\n<h3 class=\"wp-block-heading\"><br\/>ARTIKEL 11 &#8211; STREITBEILEGUNG<\/h3>\n\n<p><br\/>F\u00fcr Beschwerden wenden Sie sich bitte an den Kundenservice unter der im Artikel 1 dieser<br\/>AGB angegebenen Postanschrift oder E-Mail-Adresse des Anbieters.<br\/><br\/>Der Kunde wird dar\u00fcber hinaus dar\u00fcber informiert, dass er die Plattform zur<br\/>Online-Streitbeilegung (OS-Plattform) nutzen kann:<br\/>https:\/\/webgate.ec.europa.eu\/odr\/main\/index.cfm?event=main.home.show. Alle Streitigkeiten<br\/>im Zusammenhang mit den aufgrund dieser AGB get\u00e4tigten Kauf- und Verkaufsvorg\u00e4ngen,<br\/>die nicht einvernehmlich beigelegt werden konnten, werden den zust\u00e4ndigen Gerichten nach<br\/>den allgemeinen gesetzlichen Bestimmungen vorgelegt.<\/p>\n\n<p><\/p>\n","protected":false},"excerpt":{"rendered":"<p>ALLGEMEINE GESCH\u00c4FTSBEDINGUNGEN (AGB) \u2013 IBIZZ G\u00fcltig ab 01\/06\/2024 ARTIKEL 1 &#8211; ANWENDUNGSBEREICH Diese Allgemeinen Gesch\u00e4ftsbedingungen (im Folgenden &#8222;AGB&#8220;) gelten uneingeschr\u00e4nkt f\u00fcralle K\u00e4ufe der folgenden Dienstleistungen: Kontaktinformationen des Anbieters :Geotactic LTDPrivate Limited Company20 Wenlock Road, London, England, N1 7GUEmail : general@geotactic.uk Innergemeinschaftliche Steuerpflichten liegen in der alleinigen Verantwortung des Kunden. ARTIKEL 2 &#8211; PREISE Die Dienstleistungen [&hellip;]<\/p>\n","protected":false},"author":8,"featured_media":0,"parent":0,"menu_order":0,"comment_status":"closed","ping_status":"closed","template":"","meta":{"_eb_attr":"","footnotes":""},"class_list":["post-4458","page","type-page","status-publish","hentry"],"blocksy_meta":[],"yoast_head":"<!-- This site is optimized with the Yoast SEO plugin v27.4 - https:\/\/yoast.com\/product\/yoast-seo-wordpress\/ -->\n<title>CGV GER - IBizz<\/title>\n<meta name=\"robots\" content=\"index, follow, max-snippet:-1, max-image-preview:large, max-video-preview:-1\" \/>\n<link rel=\"canonical\" href=\"https:\/\/ibizz.io\/de\/cgv-ger\/\" \/>\n<meta property=\"og:locale\" content=\"de_DE\" \/>\n<meta property=\"og:type\" content=\"article\" \/>\n<meta property=\"og:title\" content=\"CGV GER - IBizz\" \/>\n<meta property=\"og:description\" content=\"ALLGEMEINE GESCH\u00c4FTSBEDINGUNGEN (AGB) \u2013 IBIZZ G\u00fcltig ab 01\/06\/2024 ARTIKEL 1 &#8211; ANWENDUNGSBEREICH Diese Allgemeinen Gesch\u00e4ftsbedingungen (im Folgenden &#8222;AGB&#8220;) gelten uneingeschr\u00e4nkt f\u00fcralle K\u00e4ufe der folgenden Dienstleistungen: Kontaktinformationen des Anbieters :Geotactic LTDPrivate Limited Company20 Wenlock Road, London, England, N1 7GUEmail : general@geotactic.uk Innergemeinschaftliche Steuerpflichten liegen in der alleinigen Verantwortung des Kunden. ARTIKEL 2 &#8211; PREISE Die Dienstleistungen [&hellip;]\" \/>\n<meta property=\"og:url\" content=\"https:\/\/ibizz.io\/de\/cgv-ger\/\" \/>\n<meta property=\"og:site_name\" content=\"IBizz\" \/>\n<meta property=\"article:modified_time\" content=\"2025-05-29T14:03:25+00:00\" \/>\n<meta name=\"twitter:label1\" content=\"Gesch\u00e4tzte Lesezeit\" \/>\n\t<meta name=\"twitter:data1\" content=\"9\u00a0Minuten\" \/>\n<script type=\"application\/ld+json\" class=\"yoast-schema-graph\">{\"@context\":\"https:\\\/\\\/schema.org\",\"@graph\":[{\"@type\":\"WebPage\",\"@id\":\"https:\\\/\\\/ibizz.io\\\/de\\\/cgv-ger\\\/\",\"url\":\"https:\\\/\\\/ibizz.io\\\/de\\\/cgv-ger\\\/\",\"name\":\"CGV GER - IBizz\",\"isPartOf\":{\"@id\":\"https:\\\/\\\/ibizz.io\\\/#website\"},\"datePublished\":\"2025-05-28T13:20:38+00:00\",\"dateModified\":\"2025-05-29T14:03:25+00:00\",\"inLanguage\":\"de\",\"potentialAction\":[{\"@type\":\"ReadAction\",\"target\":[\"https:\\\/\\\/ibizz.io\\\/de\\\/cgv-ger\\\/\"]}]},{\"@type\":\"WebSite\",\"@id\":\"https:\\\/\\\/ibizz.io\\\/#website\",\"url\":\"https:\\\/\\\/ibizz.io\\\/\",\"name\":\"IBizz\",\"description\":\"Boostez vos b\u00e9n\u00e9fices\",\"publisher\":{\"@id\":\"https:\\\/\\\/ibizz.io\\\/#organization\"},\"potentialAction\":[{\"@type\":\"SearchAction\",\"target\":{\"@type\":\"EntryPoint\",\"urlTemplate\":\"https:\\\/\\\/ibizz.io\\\/?s={search_term_string}\"},\"query-input\":{\"@type\":\"PropertyValueSpecification\",\"valueRequired\":true,\"valueName\":\"search_term_string\"}}],\"inLanguage\":\"de\"},{\"@type\":\"Organization\",\"@id\":\"https:\\\/\\\/ibizz.io\\\/#organization\",\"name\":\"IBizz\",\"url\":\"https:\\\/\\\/ibizz.io\\\/\",\"logo\":{\"@type\":\"ImageObject\",\"inLanguage\":\"de\",\"@id\":\"https:\\\/\\\/ibizz.io\\\/#\\\/schema\\\/logo\\\/image\\\/\",\"url\":\"https:\\\/\\\/ibizz.io\\\/wp-content\\\/uploads\\\/2024\\\/04\\\/B__6_-removebg-preview-3.png\",\"contentUrl\":\"https:\\\/\\\/ibizz.io\\\/wp-content\\\/uploads\\\/2024\\\/04\\\/B__6_-removebg-preview-3.png\",\"width\":139,\"height\":108,\"caption\":\"IBizz\"},\"image\":{\"@id\":\"https:\\\/\\\/ibizz.io\\\/#\\\/schema\\\/logo\\\/image\\\/\"}}]}<\/script>\n<!-- \/ Yoast SEO plugin. -->","yoast_head_json":{"title":"CGV GER - IBizz","robots":{"index":"index","follow":"follow","max-snippet":"max-snippet:-1","max-image-preview":"max-image-preview:large","max-video-preview":"max-video-preview:-1"},"canonical":"https:\/\/ibizz.io\/de\/cgv-ger\/","og_locale":"de_DE","og_type":"article","og_title":"CGV GER - IBizz","og_description":"ALLGEMEINE GESCH\u00c4FTSBEDINGUNGEN (AGB) \u2013 IBIZZ G\u00fcltig ab 01\/06\/2024 ARTIKEL 1 &#8211; ANWENDUNGSBEREICH Diese Allgemeinen Gesch\u00e4ftsbedingungen (im Folgenden &#8222;AGB&#8220;) gelten uneingeschr\u00e4nkt f\u00fcralle K\u00e4ufe der folgenden Dienstleistungen: Kontaktinformationen des Anbieters :Geotactic LTDPrivate Limited Company20 Wenlock Road, London, England, N1 7GUEmail : general@geotactic.uk Innergemeinschaftliche Steuerpflichten liegen in der alleinigen Verantwortung des Kunden. ARTIKEL 2 &#8211; PREISE Die Dienstleistungen [&hellip;]","og_url":"https:\/\/ibizz.io\/de\/cgv-ger\/","og_site_name":"IBizz","article_modified_time":"2025-05-29T14:03:25+00:00","twitter_misc":{"Gesch\u00e4tzte Lesezeit":"9\u00a0Minuten"},"schema":{"@context":"https:\/\/schema.org","@graph":[{"@type":"WebPage","@id":"https:\/\/ibizz.io\/de\/cgv-ger\/","url":"https:\/\/ibizz.io\/de\/cgv-ger\/","name":"CGV GER - IBizz","isPartOf":{"@id":"https:\/\/ibizz.io\/#website"},"datePublished":"2025-05-28T13:20:38+00:00","dateModified":"2025-05-29T14:03:25+00:00","inLanguage":"de","potentialAction":[{"@type":"ReadAction","target":["https:\/\/ibizz.io\/de\/cgv-ger\/"]}]},{"@type":"WebSite","@id":"https:\/\/ibizz.io\/#website","url":"https:\/\/ibizz.io\/","name":"IBizz","description":"Boostez vos b\u00e9n\u00e9fices","publisher":{"@id":"https:\/\/ibizz.io\/#organization"},"potentialAction":[{"@type":"SearchAction","target":{"@type":"EntryPoint","urlTemplate":"https:\/\/ibizz.io\/?s={search_term_string}"},"query-input":{"@type":"PropertyValueSpecification","valueRequired":true,"valueName":"search_term_string"}}],"inLanguage":"de"},{"@type":"Organization","@id":"https:\/\/ibizz.io\/#organization","name":"IBizz","url":"https:\/\/ibizz.io\/","logo":{"@type":"ImageObject","inLanguage":"de","@id":"https:\/\/ibizz.io\/#\/schema\/logo\/image\/","url":"https:\/\/ibizz.io\/wp-content\/uploads\/2024\/04\/B__6_-removebg-preview-3.png","contentUrl":"https:\/\/ibizz.io\/wp-content\/uploads\/2024\/04\/B__6_-removebg-preview-3.png","width":139,"height":108,"caption":"IBizz"},"image":{"@id":"https:\/\/ibizz.io\/#\/schema\/logo\/image\/"}}]}},"_links":{"self":[{"href":"https:\/\/ibizz.io\/de\/wp-json\/wp\/v2\/pages\/4458","targetHints":{"allow":["GET"]}}],"collection":[{"href":"https:\/\/ibizz.io\/de\/wp-json\/wp\/v2\/pages"}],"about":[{"href":"https:\/\/ibizz.io\/de\/wp-json\/wp\/v2\/types\/page"}],"author":[{"embeddable":true,"href":"https:\/\/ibizz.io\/de\/wp-json\/wp\/v2\/users\/8"}],"replies":[{"embeddable":true,"href":"https:\/\/ibizz.io\/de\/wp-json\/wp\/v2\/comments?post=4458"}],"version-history":[{"count":1,"href":"https:\/\/ibizz.io\/de\/wp-json\/wp\/v2\/pages\/4458\/revisions"}],"predecessor-version":[{"id":4459,"href":"https:\/\/ibizz.io\/de\/wp-json\/wp\/v2\/pages\/4458\/revisions\/4459"}],"wp:attachment":[{"href":"https:\/\/ibizz.io\/de\/wp-json\/wp\/v2\/media?parent=4458"}],"curies":[{"name":"wp","href":"https:\/\/api.w.org\/{rel}","templated":true}]}}